{"id":4055,"date":"2019-03-15T22:07:53","date_gmt":"2019-03-15T21:07:53","guid":{"rendered":"https:\/\/www.shakin-all-over.de\/?page_id=4055"},"modified":"2025-08-12T16:27:18","modified_gmt":"2025-08-12T15:27:18","slug":"links","status":"publish","type":"page","link":"https:\/\/www.shakin-all-over.de\/?page_id=4055","title":{"rendered":"Links"},"content":{"rendered":"<p>Um die Internet-Links zu bekommen, muss man auf den Text \/ das Bild klicken.<\/p>\n<p><a href=\"https:\/\/bigbeatandpowerpop.blogspot.com\/\"><span style=\"font-size: 18pt;\"><span style=\"color: #ff0000;\">H\u00f6re meinen Musik blog &#8211; listen to the music on my blog<\/span><\/span><\/a><\/p>\n<p><span style=\"color: #800080;\">Erl\u00e4uterung f\u00fcr Leute, die nicht wissen, wie es geht: In der Rubrik &#8222;comments&#8220; gibt es einen Link, den muss man kopieren und in die URL-Zeile einf\u00fcgen. Dann &#8222;enter&#8220; und schon kann man sich die Musik anh\u00f6ren.<\/span><\/p>\n<p>&nbsp;<\/p>\n<p>Nun noch weitere Links zu interessanten Webseiten&#8230;<\/p>\n<p><a href=\"https:\/\/manfrednitschke.wixsite.com\/beat-club-65goddelau\/\"><span style=\"font-size: 24pt; font-family: comic sans ms, sans-serif;\">Wunderbare Beat Seite &#8211; im Gaggenau<\/span><\/a><\/p>\n<h1 class=\"font_0 wixui-rich-text__text\" style=\"text-align: right;\"><a href=\"https:\/\/manfrednitschke.wixsite.com\/beat-club-65goddelau\"><span class=\"wixui-rich-text__text\">BEAT im RIED 1965-1969<\/span><\/a><\/h1>\n<p><a href=\"http:\/\/ktownbeatbands.de\/\" target=\"_blank\" rel=\"noopener\"><img loading=\"lazy\" decoding=\"async\" class=\"alignnone\" src=\"http:\/\/ktownbeatbands.de\/images\/logooff.gif\" alt=\"Generic Logo\" width=\"207\" height=\"43\" name=\"logo\" border=\"0\" \/><\/a><\/p>\n<p><a href=\"https:\/\/www.theboots.de\/\">THE BOOTS<\/a><\/p>\n<p><a href=\"https:\/\/www.theboots.de\/\"><img decoding=\"async\" class=\"w3-image alignleft\" title=\"Logo The Boots.de\" src=\"https:\/\/www.theboots.de\/grafik\/logo_theboots.png\" name=\"logo\" \/><\/a><a href=\"http:\/\/www.stringbeats.de\/mainpage.htm\" target=\"_blank\" rel=\"noopener noreferrer\"><img loading=\"lazy\" decoding=\"async\" class=\"alignright\" src=\"http:\/\/www.stringbeats.de\/fotos\/sonstige\/logonavi.gif\" alt=\"\" width=\"264\" height=\"158\" \/><\/a><\/p>\n<p style=\"text-align: right;\"><a href=\"http:\/\/www.stringbeats.de\/mainpage.htm\" target=\"_blank\" rel=\"noopener noreferrer\">http:\/\/www.stringbeats.de\/mainpage.htm<\/a><\/p>\n<p>&nbsp;<\/p>\n<p style=\"text-align: center;\"><img loading=\"lazy\" decoding=\"async\" class=\"aligncenter\" src=\"http:\/\/www.lisa-und-georg.de\/templates\/Circulation\/img\/logo.gif\" width=\"284\" height=\"259\" \/><a href=\"http:\/\/www.lisa-und-georg.de\/\" target=\"_blank\" rel=\"noopener noreferrer\">http:\/\/www.lisa-und-georg.de\/<\/a><\/p>\n<p style=\"text-align: center;\"><a href=\"http:\/\/www.dvplettenberg.de\/\" target=\"_blank\" rel=\"noopener noreferrer\"><span style=\"font-family: Cambria;\"><span style=\"color: #6495ed;\"><span style=\"font-size: x-large;\"><b><span style=\"font-size: 36pt;\">DIETRICH <\/span><\/b><\/span><\/span><span style=\"font-size: 36pt;\"><span style=\"color: #739fee;\"><b>A<\/b><\/span><span style=\"color: #83aaf0;\"><b>L<\/b><\/span><span style=\"color: #92b4f2;\"><b>E<\/b><\/span><span style=\"color: #a2bff4;\"><b>X<\/b><\/span><span style=\"color: #b1c9f6;\"><b>A<\/b><\/span><span style=\"color: #c1d4f7;\"><b>N<\/b><\/span><span style=\"color: #d0dff9;\"><b>D<\/b><\/span><span style=\"color: #e0e9fb;\"><b>E<\/b><\/span><span style=\"color: #eff4fd;\"><b>R<\/b><\/span><b> <\/b><span style=\"color: #ebf1fc;\"><b>V<\/b><\/span><span style=\"color: #d8e4fa;\"><b>O<\/b><\/span><span style=\"color: #c4d7f8;\"><b>N<\/b><\/span><b> <\/b><span style=\"color: #9ebcf3;\"><b>P<\/b><\/span><span style=\"color: #8aaff1;\"><b>L<\/b><\/span><span style=\"color: #77a2ef;\"><b>E<\/b><\/span><span style=\"color: #6495ed;\"><b>TTENBERG<\/b><\/span><\/span><\/span><\/a><\/p>\n<p>&nbsp;<\/p>\n<p>&nbsp;<\/p>\n<p style=\"text-align: center;\"><strong><a href=\"http:\/\/www.bn-beat.de\/\" target=\"_blank\" rel=\"noopener noreferrer\">BN-Beat Webseite<\/a><a href=\"http:\/\/www.bn-beat.de\/\" target=\"_blank\" rel=\"noopener noreferrer\"><img loading=\"lazy\" decoding=\"async\" id=\"emotion-header-img\" class=\"alignnone\" src=\"http:\/\/www.bn-beat.de\/s\/img\/emotionheader.jpg?1481465076.254px.320px\" alt=\"\" width=\"254\" height=\"320\" \/><\/a><\/strong><\/p>\n<p>&nbsp;<\/p>\n<p style=\"text-align: center;\"><strong><a href=\"https:\/\/www.elvire-musik.de\/\"><span style=\"font-size: 36pt; color: #800080;\">ELVIRE<\/span><\/a><\/strong><\/p>\n<p style=\"text-align: right;\"><a href=\"https:\/\/manfrednitschke.wixsite.com\/beat-club-65goddelau\"><span style=\"font-family: comic sans ms, sans-serif; font-size: 36pt; color: #ff0000;\"><strong>BEAT CLUB 65 GODDELAU<\/strong><\/span><\/a><\/p>\n<p>&nbsp;<\/p>\n<p><a href=\"https:\/\/www.siegerl\u00e4nder-beatgeschichten.de\/home.html\"><span style=\"font-family: impact, sans-serif; font-size: 36pt; color: #0000ff;\">SIEGERL\u00c4NDER BEAT GESCHICHTEN<\/span><\/a><\/p>\n<p style=\"text-align: center;\"><a href=\"http:\/\/veenslawaai.blogspot.com\/\" target=\"_blank\" rel=\"noopener noreferrer\"><strong><span style=\"font-size: 36pt;\"><span style=\"color: #0000ff;\">V<span style=\"font-family: tahoma, arial, helvetica, sans-serif;\"><em>EE<\/em><\/span>NS<\/span> <span style=\"color: #ff0000;\">LAWAAI<\/span><\/span><\/strong><\/a><\/p>\n<p>&nbsp;<\/p>\n<p style=\"text-align: center;\"><a href=\"https:\/\/the-stingrays.de\/\"><span style=\"font-family: symbol; color: #960808;\"><strong><span style=\"font-size: 36pt;\">THE\u00a0 STING RAYS<\/span><\/strong><\/span><\/a><a href=\"https:\/\/the-stingrays.de\/\"><img loading=\"lazy\" decoding=\"async\" class=\"aligncenter\" src=\"https:\/\/the-stingrays.de\/eigene Werbung\/Stingrays-gespiegelt.jpg\" alt=\"\" width=\"514\" height=\"500\" border=\"0\" \/><\/a><\/p>\n<p style=\"text-align: center;\"><a href=\"http:\/\/ugly-things.com\/\"><img loading=\"lazy\" decoding=\"async\" class=\"aligncenter\" src=\"http:\/\/ugly-things.com\/wp-content\/themes\/ugly\/images\/header-bg.jpg\" alt=\"http:\/\/ugly-things.com\/wp-content\/themes\/ugly\/images\/header-bg.jpg\" width=\"443\" height=\"151\" \/><\/a><a href=\"http:\/\/ugly-things.com\/\">Ugly Things website<\/a><\/p>\n<p style=\"text-align: center;\"><a href=\"http:\/\/www.rockarchiv.infopartisan.net\/berlinszene\/\" target=\"_blank\" rel=\"noopener noreferrer\"><span lang=\"de\"><span style=\"font-family: Times New Roman; font-size: x-large;\"><span style=\"color: #666699;\"> Archiv <\/span> <span style=\"color: #ff0000;\">Rock und Revolte <\/span><\/span> <span style=\"color: #ff0000; font-size: x-large;\"><br \/>\n<\/span> <span style=\"color: #008000; font-family: Times New Roman; font-size: 300%;\">Die Berlin Szene<\/span><\/span><\/a><\/p>\n<div id=\"logo\" style=\"text-align: center;\"><span style=\"font-size: 36pt;\"><a href=\"http:\/\/www.detlef-horn.de\/\" target=\"_blank\" rel=\"noopener noreferrer\">DEDDYS MUCKERSEITE<\/a><br \/>\n<\/span><\/div>\n<div><\/div>\n<div><\/div>\n<div><\/div>\n<div><\/div>\n<div><a href=\"http:\/\/www.musikzirkus.eu\/forum\/topic.php?t=1424\">THE REBBELS<\/a><\/div>\n<div><\/div>\n<div><\/div>\n<p style=\"text-align: center;\"><a href=\"https:\/\/shagratrecords.com\/\">Shagrat Records website<\/a><\/p>\n<p style=\"text-align: center;\"><a href=\"https:\/\/shagratrecords.com\/\"><img loading=\"lazy\" decoding=\"async\" class=\"aligncenter\" title=\"Shagrat Records\" src=\"http:\/\/shagratrecords.com\/images\/shagratlogo1000.jpg\" alt=\"Shagrat Records\" width=\"624\" height=\"241\" \/><\/a><\/p>\n<p style=\"text-align: center;\"><a href=\"https:\/\/diregarden.com\/\" target=\"_blank\" rel=\"noopener noreferrer\"><span style=\"font-family: arial black, sans-serif; font-size: 24pt; color: #ff0000;\"><strong>GARDEN OF DELIGHTS<\/strong><\/span><\/a><\/p>\n<p><a href=\"http:\/\/www.club-e-marburg.de\/3bands.htm\" target=\"_blank\" rel=\"noopener noreferrer\"><em><span style=\"font-size: 36pt; color: #ff0000;\"><strong>CLUB E<\/strong><\/span><\/em><\/a><\/p>\n<p><a href=\"http:\/\/www.addijet.de\/\"><img decoding=\"async\" class=\"transparent aligncenter\" src=\"http:\/\/www.addijet.de\/schrift.gif\" alt=\"http:\/\/www.addijet.de\/schrift.gif\" \/><\/a><a href=\"https:\/\/manfrednitschke.wixsite.com\/beat-club-65goddelau\" target=\"_blank\" rel=\"noopener\"><span style=\"color: #ff0000; font-size: 36pt;\"><strong><span style=\"font-family: symbol;\"><img loading=\"lazy\" decoding=\"async\" class=\"aligncenter wp-image-5774\" src=\"https:\/\/www.shakin-all-over.de\/wp-content\/uploads\/2019\/08\/55549653_841258309548389_5585815005233676288_n-1.jpg\" alt=\"\" width=\"317\" height=\"294\" srcset=\"https:\/\/www.shakin-all-over.de\/wp-content\/uploads\/2019\/08\/55549653_841258309548389_5585815005233676288_n-1.jpg 960w, https:\/\/www.shakin-all-over.de\/wp-content\/uploads\/2019\/08\/55549653_841258309548389_5585815005233676288_n-1-300x278.jpg 300w, https:\/\/www.shakin-all-over.de\/wp-content\/uploads\/2019\/08\/55549653_841258309548389_5585815005233676288_n-1-768x713.jpg 768w\" sizes=\"auto, (max-width: 317px) 100vw, 317px\" \/><\/span><\/strong><\/span><\/a><a href=\"http:\/\/www.carlolittle.com\/\"><img loading=\"lazy\" decoding=\"async\" class=\"alignright wp-image-5934 size-full\" src=\"https:\/\/www.shakin-all-over.de\/wp-content\/uploads\/2019\/09\/0000-Carlo.jpg\" alt=\"\" width=\"187\" height=\"184\" \/><\/a><a href=\"https:\/\/www.berlinbeatclub.de\/\"><img loading=\"lazy\" decoding=\"async\" class=\"alignleft\" src=\"https:\/\/www.berlinbeatclub.de\/images\/logo\/bbc_logo.png\" alt=\"\" width=\"281\" height=\"281\" \/><\/a><\/p>\n<p>&nbsp;<\/p>\n<p style=\"text-align: center;\"><a href=\"http:\/\/www.xn--siegerlnder-beatgeschichten-hkc.de\/images\/homebutt22.jpg\"><img loading=\"lazy\" decoding=\"async\" class=\"alignnone\" src=\"http:\/\/www.xn--siegerlnder-beatgeschichten-hkc.de\/images\/homebutt22.jpg\" alt=\"http:\/\/www.xn--siegerlnder-beatgeschichten-hkc.de\/images\/homebutt22.jpg\" width=\"300\" height=\"267\" \/><\/a><\/p>\n<p><a href=\"http:\/\/www.chartsfreak.de\/\"><img decoding=\"async\" class=\"alignright\" src=\"http:\/\/www.chartsfreak.de\/resources\/chartsfreak2.jpg\" alt=\"http:\/\/www.chartsfreak.de\/resources\/chartsfreak2.jpg\" \/><\/a><\/p>\n<p>&nbsp;<\/p>\n<p style=\"text-align: center;\"><a href=\"http:\/\/www.just4fun-home.de\/Welcome.jpg\"><img loading=\"lazy\" decoding=\"async\" class=\"alignnone\" src=\"http:\/\/www.just4fun-home.de\/Welcome.jpg\" alt=\"\" width=\"874\" height=\"151\" \/><\/a><\/p>\n<h2 style=\"text-align: center;\"><a href=\"http:\/\/www.pophistory-oberfranken.de\/\" target=\"_blank\" rel=\"noopener noreferrer\"><span style=\"font-family: verdana, geneva, sans-serif;\"><strong><span style=\"color: #800000;\"><big>POPHISTORY OBERFRANKEN<\/big><\/span><\/strong><\/span><\/a><\/h2>\n<p><a href=\"https:\/\/www.goldenboyelvis.de\/\" target=\"_blank\" rel=\"https:\/\/www.goldenboyelvis.de\/ noopener\"><img loading=\"lazy\" decoding=\"async\" class=\"aligncenter\" src=\"https:\/\/www.goldenboyelvis.de\/daten\/bilder\/header_01.gif\" alt=\"https:\/\/www.goldenboyelvis.de\/daten\/bilder\/header_01.gif\" width=\"290\" height=\"120\" \/><\/a><\/p>\n","protected":false},"excerpt":{"rendered":"<p>Um die Internet-Links zu bekommen, muss man auf den Text \/ das Bild klicken. H\u00f6re meinen Musik blog &#8211; listen to the music on my blog Erl\u00e4uterung f\u00fcr Leute, die<a href=\"https:\/\/www.shakin-all-over.de\/?page_id=4055\" class=\"more-link\"><span class=\"readmore\">Continue reading<span class=\"screen-reader-text\">Links<\/span><\/span><\/a><\/p>\n","protected":false},"author":1,"featured_media":0,"parent":0,"menu_order":0,"comment_status":"closed","ping_status":"closed","template":"","meta":{"footnotes":""},"class_list":["post-4055","page","type-page","status-publish","hentry"],"_links":{"self":[{"href":"https:\/\/www.shakin-all-over.de\/index.php?rest_route=\/wp\/v2\/pages\/4055","targetHints":{"allow":["GET"]}}],"collection":[{"href":"https:\/\/www.shakin-all-over.de\/index.php?rest_route=\/wp\/v2\/pages"}],"about":[{"href":"https:\/\/www.shakin-all-over.de\/index.php?rest_route=\/wp\/v2\/types\/page"}],"author":[{"embeddable":true,"href":"https:\/\/www.shakin-all-over.de\/index.php?rest_route=\/wp\/v2\/users\/1"}],"replies":[{"embeddable":true,"href":"https:\/\/www.shakin-all-over.de\/index.php?rest_route=%2Fwp%2Fv2%2Fcomments&post=4055"}],"version-history":[{"count":0,"href":"https:\/\/www.shakin-all-over.de\/index.php?rest_route=\/wp\/v2\/pages\/4055\/revisions"}],"wp:attachment":[{"href":"https:\/\/www.shakin-all-over.de\/index.php?rest_route=%2Fwp%2Fv2%2Fmedia&parent=4055"}],"curies":[{"name":"wp","href":"https:\/\/api.w.org\/{rel}","templated":true}]}}