{"id":37,"date":"2019-01-02T18:51:05","date_gmt":"2019-01-02T17:51:05","guid":{"rendered":"https:\/\/www.shakin-all-over.de\/?page_id=37"},"modified":"2024-06-07T00:21:27","modified_gmt":"2024-06-06T23:21:27","slug":"otto-die-beatlejungs","status":"publish","type":"page","link":"https:\/\/www.shakin-all-over.de\/?page_id=37","title":{"rendered":"Otto &#038; die Beatlejungs"},"content":{"rendered":"\r\n<figure class=\"wp-block-image\"><img loading=\"lazy\" decoding=\"async\" class=\"alignleft wp-image-39\" src=\"https:\/\/www.shakin-all-over.de\/wp-content\/uploads\/2019\/01\/Otto-und-die-Beatlejungs_Cover.jpg\" alt=\"\" width=\"428\" height=\"566\" srcset=\"https:\/\/www.shakin-all-over.de\/wp-content\/uploads\/2019\/01\/Otto-und-die-Beatlejungs_Cover.jpg 428w, https:\/\/www.shakin-all-over.de\/wp-content\/uploads\/2019\/01\/Otto-und-die-Beatlejungs_Cover-227x300.jpg 227w\" sizes=\"auto, (max-width: 428px) 100vw, 428px\" \/><\/figure>\r\n<p><span style=\"color: #000000;\">2008 habe ich das Buch &#8222;Otto &amp; die Beatlejungs&#8220; ver\u00f6ffentlicht. Zuvor hatte ich den 60er-Jahre-Teil f\u00fcr die Ausstellung &#8222;Break on Through to the Other Side &#8211; Tanzschuppen, Musikclubs und Diskotheken in Weser-Ems&#8220; f\u00fcr das Schlossmuseum Jever begleitet. Zu dieser Ausstellung erschien ein Katalog (Herausgegeben von Peter Schmerenbeck) mit gleichem Titel (ISBN 978-3-89995-431-9). In diesem Katalog findet man auch einen l\u00e4ngeren Aufsatz von mir mit dem Titel &#8222;Beat Beat Beat &#8211; Vor uns war Krieg&#8220;.<\/span><\/p>\r\n<p><span style=\"color: #000000;\">Bei der Recherche bez\u00fcglich Informationen und Exponate f\u00fcr die Ausstellung war bald eine F\u00fclle von Material und Kenntnissen \u00fcber die Bands in dieser Region zusammengekommen. Das meiste konnte ich f\u00fcr die Ausstellung im Schlossmuseum nicht verwenden. So entstand die Idee, daraus ein eigenst\u00e4ndiges Buch zu machen.\u00a0 In \u201cShakin\u2018 All Over\u201c war die Region Weser-Ems recht kurz ausgefallen, da der Verlag es mit rund 500 Seiten am Limit sah und mir keine weiteren Erg\u00e4nzungen gestattete. Also begab ich mich an die Arbeit: ein Buch \u00fcber die Weser-Ems-Beatszene. Heraus kam &#8222;Otto &amp; die Beatlejungs&#8220; \u2013 128 Seiten im Gro\u00dfformat, verlegt bei Isensee in Oldenburg (ISBN 978-3-89995-516-3). <\/span><\/p>\r\n<p><span style=\"color: #000000;\">Der Isensee-Chef, Herr Florian Isensee, hielt mich offensichtlich f\u00fcr einen Spinner. Erst lie\u00df er Subskriptionskarten drucken, die er mir zur Verteilung \u00fcbereignete, damit sich Leute verpflichteten, das Buch zu kaufen. Als ich ihm die gesammelten Subskriptionskarten \u00fcberreichte, wollte er sie nicht haben, denn&#8230; &#8222;Wir drucken das Buch allemal!&#8220; Als das Buch dann gedruckt vorlag, gab es keinerlei Pr\u00e4sentation, Lesung o.\u00e4. Vielleicht weil ich nicht genug Geschichten erz\u00e4hlte, die sich mit Geschehnissen unterhalb der G\u00fcrtelschnalle besch\u00e4ftigten, denn bei &#8222;A 60&#8217;s&#8216; Drummer&#8220; legte sich der Florian diesbez\u00fcglich mehr ins Zeug. Da stehen die Ferkeleien sozusagen in Reih und Glied. Ich kenne auch sein Engagement f\u00fcr heimatkundliche Themen, jeder Bericht \u00fcber eine Lupine im Schlossgarten wird ausf\u00fchrlich mit einer Buchpr\u00e4sentation und einem Pressetermin garniert. Aber &#8211; im Gegensatz zu anderen Isensee-Ver\u00f6ffentlichungen &#8211; war &#8222;Otto &amp; die Beatlejungs&#8220; recht schnell ausverkauft. Ich kann es hier gestehen, ich fand Florian Isensee dar\u00fcber hinaus \u00fcberaus spie\u00dfb\u00fcrgerlich. <br \/><\/span><\/p>\r\n<p><span style=\"color: #000000;\">In &#8222;Otto &amp; die Beatlejungs&#8220; sind alle wichtigen Bands der Region vertreten, und die einschl\u00e4gigen Lokale (u.a. der Big-Ben-Club in Wilhelmshaven und der Star-Palast in Oldenburg, wo sich meist englische Bands tummelten), die wichtigsten Impresarios, die unvermeidbaren Anekdoten werden ausf\u00fchrlich dargelegt. Ein Blick in den speziellen soziokulturellen Hintergrund darf nicht fehlen. \u00a0<\/span><\/p>\r\n<p><span style=\"color: #000000;\">Auch den Festivals (u.a. dem bekannten AOSV-Festival) wird Raum gegeben; ebenso dem Beatweltrekord von Cliff Cenneth &amp; The Road Hogs im Star-Palast Oldenburg. Cliff Cenneth m\u00f6gen manche als Eberhard Jupe kennen, andere als Mel Jersey und wiederum andere als die m\u00e4nnliche H\u00e4lfte von Judith &amp; Mel (ja, so tief kann ein Rock\u2019n\u2019Roller sinken)! Wem das noch nicht gen\u00fcgt, dem wird eine F\u00fclle von Bildern (die meisten wohl bis dahin unver\u00f6ffentlicht) zum optischen Genuss gereicht. Die Bands werden alphabetisch mit ihren besonderen Geschichten beschrieben. Ja, bereits 1963 spielte eine Oldenburger Band im Star-Club, Hamburg. Und einer der drei im Buch erw\u00e4hnten Ottos tr\u00e4gt den Nachnamen Waalkes und ist mit der Band The Rustlers unter die Beatlejungs geraten.<\/span><\/p>\r\n<p><span style=\"color: #000000;\">Im Schloss zu Jever habe ich einen Vortrag zu diesem Thema gehalten &#8211; &#8222;Alles ist am Zucken.&#8220;<\/span><\/p>\r\n<p><span style=\"color: #000000;\"><a href=\"https:\/\/www.shakin-all-over.de\/wp-content\/uploads\/2019\/01\/Vortrag-im-Schlossmuseum-Jever-anl\u00e4sslich-der-Ausstellung-_Break-On-Through..._.pdf\"><span style=\"color: #800000;\">&gt;&gt; Vortrag im Schlossmuseum Jever anl\u00e4sslich der Ausstellung _Break On Through&#8230;_<\/span><\/a><br \/><\/span><\/p>\r\n<p><span style=\"color: #000000;\">Kleine Anekdote am Rande: Ein paar Tage vor Abgabetermin bei Isensee habe ich samstags nachts gegen 24 Uhr die gesamte Buchdatei sowohl auf meinem PC als auch auf der externen Festplatte und auf dem USB-Sicherheitskopie-Stick \u00fcberschrieben. Nicht gel\u00f6scht, das w\u00e4re ja wiederherstellbar gewesen, sondern \u00fcberschrieben! Als mir dieses bewusst wurde, dachte ich, dass nun ein Herzinfarkt zwingend bevorst\u00fcnde. Meine Frau sagte, ich sei fahl wie eine Leiche gewesen als ich sie weckte, um ihr von dem gro\u00dfen Ungl\u00fcck zu erz\u00e4hlen. Noch in der Nacht habe ich ein professionell arbeitendes Unternehmen antelefoniert, das auf die Wiederherstellung von verlorenen Daten spezialisiert ist. Auf meine Schilderung hin beschied man mir, dass sicher 30% des Buches in versprengten Dateien wieder zusammenzupuzzeln seien. Auf die Frage nach den Kosten sagte man: &#8222;Ab 4.500 Euro aufw\u00e4rts.&#8220; Meine Antwort: &#8222;Ich melde mich morgen noch mal.&#8220; In dem Moment war das Buch f\u00fcr mich gestorben. 24 Stunden sp\u00e4ter war mir klar: das schreibe ich noch einmal. Und da ich ja wusste, was ich schreiben wollte, war das Buch schneller geschrieben als erwartet, und besser ist es auch geworden, da alle Redundanzen nun vermieden wurden. Mit nur k\u00fcrzerem \u00dcberschreiten der Deadline kam das Buch heraus, allerdings hatte es 10 Seiten weniger, als veranschlagt.<br \/><\/span><\/p>\r\n<p><span style=\"color: #000000;\">Zum Buch &#8222;Otto &amp; die Beatlejungs&#8220; habe ich eine 18-Track-CD zusammengestellt, die &#8211; professionell gepresst und mit einem sch\u00f6nen Cover versehen &#8211; in einer limitierten Auflage von 300 St\u00fcck erschienen ist. Angefangen bei den Flying Arrows bis hin zu den Beatniks sind auf der CD Gruppen, die auch im Buch eine herausragende Rolle spielen. Die Klangqualit\u00e4t ist, obwohl es sich weitgehend um Amateuraufnahmen handelt, sehr gut, wenn auch nicht immer perfekt.<\/span><\/p>\r\n<p><img loading=\"lazy\" decoding=\"async\" class=\"aligncenter wp-image-793\" src=\"https:\/\/www.shakin-all-over.de\/wp-content\/uploads\/2019\/01\/CDcover-297x300.gif\" alt=\"\" width=\"521\" height=\"526\" srcset=\"https:\/\/www.shakin-all-over.de\/wp-content\/uploads\/2019\/01\/CDcover-297x300.gif 297w, https:\/\/www.shakin-all-over.de\/wp-content\/uploads\/2019\/01\/CDcover-150x150.gif 150w\" sizes=\"auto, (max-width: 521px) 100vw, 521px\" \/><a href=\"https:\/\/www.shakin-all-over.de\/wp-content\/uploads\/2019\/01\/Cover-r\u00fcck.gif\"><img loading=\"lazy\" decoding=\"async\" class=\"aligncenter wp-image-796\" src=\"https:\/\/www.shakin-all-over.de\/wp-content\/uploads\/2019\/01\/Cover-r\u00fcck.gif\" alt=\"\" width=\"519\" height=\"514\" \/><\/a><a href=\"https:\/\/archive.org\/details\/oldenburg-rocks-ostfriesland-rolls\"><span style=\"color: #800000;\">&gt;&gt;Die CD k\u00f6nnt ihr euch hier anh\u00f6ren oder runterladen<\/span><\/a><\/p>\r\n<p style=\"text-align: center;\">\u00a0<\/p>\r\n<p style=\"padding-left: 120px; text-align: left;\"><strong><u>Errata.<\/u><\/strong><strong> <br \/><\/strong><\/p>\r\n<p style=\"padding-left: 150px; text-align: left;\"><strong>Track 3\u00a0\u00a0 rec. &amp; \u00a9 Hans-Werner Kuntze<\/strong><\/p>\r\n<p style=\"padding-left: 150px; text-align: left;\"><strong>Track 13\u00a0 \u00a9 Lothar Krogmann<\/strong><\/p>\r\n<p style=\"padding-left: 150px; text-align: left;\"><strong>Track 16\u00a0 rec Peter M\u00f6hlmann &amp; \u00a9 The Josephs<\/strong><\/p>\r\n<p style=\"padding-left: 150px; text-align: left;\"><strong>Tracks 2, 5\u00a0\u00a0 rec. &amp; \u00a9 Peter M\u00f6hlmann<\/strong><\/p>\r\n<p style=\"padding-left: 150px; text-align: left;\"><strong>Tracks 1, 4, 7, 17\u00a0\u00a0\u00a0 rec. &amp; \u00a9 Eckhard Sch\u00f6ler<\/strong><\/p>\r\n<p style=\"padding-left: 150px; text-align: left;\"><strong>Tracks 6, 9, 10\u00a0\u00a0 rec. &amp; \u00a9 Otto Seitz<\/strong><\/p>\r\n<p><span style=\"color: #000000;\"><strong>Hier einige Korrekturen und Nachtr\u00e4ge zu OTTO &amp; DIE BEATLEJUNGS<\/strong><\/span><\/p>\r\n<p>Seite 8 oben: Die Gastst\u00e4tte in Ostfriesland ist &#8222;Bei Jonny Dieling&#8220;. <br \/>Seite 22 unten links: Der junge Mann neben Casey Jones ist nicht Roland Freund. Es ist Chris Priemel. <br \/>Seite 25 oben: Das Foto wurde beim Bandwettbewerb 1967 in Delmenhorst aufgenommen.<br \/>Seite 62 oben: Die abgebildete Band sind Les Partisans aus Delmenhorst!<br \/>Seite 73 unten: Rolf Eden, Engelbert Michas, Wolfgang Roth, Peter Hentschel (v.l.n.r.)<br \/>Seite 76: Peter Jacobs, Achim Aden, Waltraud Dirks, Werner Schartel, Detlef Horn (v.l.n.r.)<br \/><br \/><\/p>\r\n<p style=\"text-align: center;\"><strong>Korrekturen f\u00fcr \u201aOtto &amp; die Beatlejungs\u2018 von Reiner Molzahn<\/strong><\/p>\r\n<p>Seite 25, oben rechts: Das Foto zeigt die Jury der ersten Beat Session in Delmenhorts, Fabruar 1967. Ganz rechts der Verleger des Kreisblattes (dk) Dirk Schulte Strathaus, der auch als Veranstalter fungierte.\u00a0 Das ganze fand in der Aula (Kleines Haus) des Max-Planck-Gymnasiums statt. Man erkennt es sch\u00f6n an den Schulb\u00e4nken (mit Haken f\u00fcr die Schultaschen).<\/p>\r\n<p>Seite 62 oben: Hier sehen wir die sp\u00e4tere Siegergruppe, Les Partisans. Im Hintergrund steht das Schlagzeug der Zweitplazierten The Idling Domestics. Die beiden Bands durften als Preis sp\u00e4ter eine Single (jeweils eine Seite) aufnehmen. Das Cover zierte das dk-Logo.<\/p>\r\n<p>Seite 119: Das \u201aLa Palma\u2018 im Gewerkschaftshaus befand sich in der Orthstra\u00dfe, Delmenhorst. Es wurde auch von allerhand Oldenburger M\u00e4dels angesteuert.<\/p>\r\n<p><span style=\"color: #0000ff;\">PS: Es gibt ein Buch \u00fcber die Delmenhorster Szene der 60, geschrieben von Johann Peter Eickhorst und Thomas Breuer: <em>Die wilden 60er \u2013 Eine Zeitreise in das Delmenhorst der 1960er Jahre<\/em>. Auch der legend\u00e4re Besuch von Brian Jones 1967 in der Stadt und im Chico-Club sind in Wort und Bild ausf\u00fchrlich festgehalten.<\/span><\/p>\r\n<p><span style=\"font-family: helvetica, arial, sans-serif;\"><strong><span style=\"color: #000000;\">Was die Presse zu &#8222;Otto &amp; die Beatlejungs&#8220; sagte:<span style=\"color: #800000;\"> &gt;&gt; <a style=\"color: #800000;\" href=\"https:\/\/www.shakin-all-over.de\/wp-content\/uploads\/2019\/01\/Presse.pdf\">Presse<\/a><\/span><\/span><\/strong><\/span><\/p>\r\n<p>&nbsp;<\/p>\r\n<p>&nbsp;<\/p>\r\n<p>&nbsp;<\/p>\r\n","protected":false},"excerpt":{"rendered":"","protected":false},"author":1,"featured_media":0,"parent":28,"menu_order":1,"comment_status":"closed","ping_status":"closed","template":"","meta":{"footnotes":""},"class_list":["post-37","page","type-page","status-publish","hentry"],"_links":{"self":[{"href":"https:\/\/www.shakin-all-over.de\/index.php?rest_route=\/wp\/v2\/pages\/37","targetHints":{"allow":["GET"]}}],"collection":[{"href":"https:\/\/www.shakin-all-over.de\/index.php?rest_route=\/wp\/v2\/pages"}],"about":[{"href":"https:\/\/www.shakin-all-over.de\/index.php?rest_route=\/wp\/v2\/types\/page"}],"author":[{"embeddable":true,"href":"https:\/\/www.shakin-all-over.de\/index.php?rest_route=\/wp\/v2\/users\/1"}],"replies":[{"embeddable":true,"href":"https:\/\/www.shakin-all-over.de\/index.php?rest_route=%2Fwp%2Fv2%2Fcomments&post=37"}],"version-history":[{"count":0,"href":"https:\/\/www.shakin-all-over.de\/index.php?rest_route=\/wp\/v2\/pages\/37\/revisions"}],"up":[{"embeddable":true,"href":"https:\/\/www.shakin-all-over.de\/index.php?rest_route=\/wp\/v2\/pages\/28"}],"wp:attachment":[{"href":"https:\/\/www.shakin-all-over.de\/index.php?rest_route=%2Fwp%2Fv2%2Fmedia&parent=37"}],"curies":[{"name":"wp","href":"https:\/\/api.w.org\/{rel}","templated":true}]}}