{"id":31,"date":"2019-01-02T18:49:23","date_gmt":"2019-01-02T17:49:23","guid":{"rendered":"https:\/\/www.shakin-all-over.de\/?page_id=31"},"modified":"2025-12-22T22:33:33","modified_gmt":"2025-12-22T21:33:33","slug":"shakin-all-over","status":"publish","type":"page","link":"https:\/\/www.shakin-all-over.de\/?page_id=31","title":{"rendered":"Shakin&#8216; All Over"},"content":{"rendered":"\r\n\r\n\r\n<p><img loading=\"lazy\" decoding=\"async\" class=\"size-full wp-image-7532 alignleft\" src=\"https:\/\/www.shakin-all-over.de\/wp-content\/uploads\/2020\/07\/00k_3-SHakin-Cover.jpg\" alt=\"\" width=\"358\" height=\"500\" srcset=\"https:\/\/www.shakin-all-over.de\/wp-content\/uploads\/2020\/07\/00k_3-SHakin-Cover.jpg 358w, https:\/\/www.shakin-all-over.de\/wp-content\/uploads\/2020\/07\/00k_3-SHakin-Cover-215x300.jpg 215w\" sizes=\"auto, (max-width: 358px) 100vw, 358px\" \/><\/p>\r\n<p style=\"padding-left: 30px; text-align: center;\"><span style=\"font-family: trebuchet ms, geneva, sans-serif; color: #000000; font-size: 24pt;\"><strong><span style=\"color: #ff0000; font-family: symbol; font-size: 36pt;\"><span style=\"font-family: comic sans ms, sans-serif;\">SHAKIN&#8216; ALL OVER<\/span> <\/span><\/strong><\/span><\/p>\r\n<p style=\"padding-left: 30px;\"><span style=\"font-family: trebuchet ms, geneva, sans-serif; color: #0000ff; font-size: 24pt;\"><strong><a href=\"http:\/\/fanproshop.de\/\">gibt es nun bei FanPro in der 4. Auflage.<\/a><\/strong><\/span><\/p>\r\n<p style=\"padding-left: 30px;\"><span style=\"font-family: trebuchet ms, geneva, sans-serif; color: #0000ff; font-size: 24pt;\"><strong>Mit dem Cover der dritten Auflage &#8211; aber gleichem Inhalt wie die 2. Auflage. Wieder im Gro\u00dfformat, wieder 488 Seiten, wieder im Hardcover.\u00a0<\/strong><\/span><\/p>\r\n<p style=\"padding-left: 30px; text-align: right;\"><span style=\"font-family: trebuchet ms, geneva, sans-serif; color: #000000; font-size: 24pt;\"><strong>ISBN 978-3-946502-11-1. <\/strong><\/span><a href=\"http:\/\/fanproshop.de\"><img loading=\"lazy\" decoding=\"async\" class=\"aligncenter wp-image-7535 size-full\" src=\"https:\/\/www.shakin-all-over.de\/wp-content\/uploads\/2020\/07\/00k_3-Fanpro-logo.jpg\" alt=\"\" width=\"100\" height=\"87\" \/><\/a><\/p>\r\n<p>&nbsp;<\/p>\r\n<p style=\"padding-left: 30px; text-align: left;\"><span style=\"font-size: 24pt; color: #ff0000;\"><strong><span style=\"font-family: comic sans ms, sans-serif;\">Ein paar Besprechungen der 3. Auflage:<\/span><\/strong><\/span><\/p>\r\n<p><a href=\"https:\/\/www.shakin-all-over.de\/wp-content\/uploads\/2021\/02\/x-Eclipsed-Shakin-All-Over-1_cropped-min.pdf\">&gt;&gt;Shakin&#8216; All Over in Eclipsed<\/a><\/p>\r\n<p><a href=\"https:\/\/www.shakin-all-over.de\/wp-content\/uploads\/2021\/02\/4-Rezension-Rock-n-Roll-Musikmagaziin-end.pdf\">&gt;&gt;Rezension Rock &#8217;n&#8216; Roll Musikmagazin 01\/21<\/a><\/p>\r\n<p><a href=\"https:\/\/www.shakin-all-over.de\/wp-content\/uploads\/2021\/02\/x-ShakinAllOveryeahbooks_cropped-min.pdf\">&gt;&gt;Shakin&#8216;\u00a0<\/a><a href=\"https:\/\/www.shakin-all-over.de\/wp-content\/uploads\/2021\/02\/x-ShakinAllOveryeahbooks_cropped-min.pdf\">All Over in yeahbooks<\/a><\/p>\r\n<p><a href=\"https:\/\/www.shakin-all-over.de\/wp-content\/uploads\/2021\/02\/x-ShakinAllOveryeahbooksTop102020_cropped-min.pdf\">&gt;&gt;Shakin&#8216; All Over in yeahbooks Top 10 Musikb\u00fccher f\u00fcr 2020<\/a><\/p>\r\n<p><a href=\"https:\/\/www.shakin-all-over.de\/wp-content\/uploads\/2021\/02\/x-ShakinAllOverCountryMag-1_cropped-min.pdf\">&gt;&gt;Shakin&#8216; All Over in Country Mag -1<\/a><\/p>\r\n<p><a href=\"https:\/\/www.shakin-all-over.de\/wp-content\/uploads\/2021\/02\/x-ShakinAllOverCountryMag-2_cropped-min.pdf\">&gt;&gt;Shakin&#8216; All Over in Country Mag -2<\/a><\/p>\r\n<p><span style=\"font-family: helvetica, arial, sans-serif; color: #000000;\">Im Jahre 2000 erschien das Buch <span style=\"font-size: 18pt; color: #ff0000; font-family: comic sans ms, sans-serif;\"><strong><em>Shakin&#8216; All Over<\/em><\/strong> <\/span>(ISBN 3-89064-510-0) \u00a0bei High Castle, einem Subverlag von Fantasy Productions. Die zweite Auflage von 2001 ist noch einmal lektoriert worden, kleinere Erg\u00e4nzungen wurden eingearbe<\/span><span style=\"font-family: helvetica, arial, sans-serif; color: #000000;\">itet, <\/span><span style=\"font-family: helvetica, arial, sans-serif; color: #000000;\">doch die Story der deutschen Lords war immer noch nicht ganz korrekt. Da m\u00fcsst ihr nun die Linernotes zu den beiden <\/span><\/p>\r\n<figure id=\"attachment_5722\" aria-describedby=\"caption-attachment-5722\" style=\"width: 362px\" class=\"wp-caption alignleft\"><img loading=\"lazy\" decoding=\"async\" class=\"wp-image-5722\" src=\"https:\/\/www.shakin-all-over.de\/wp-content\/uploads\/2019\/08\/0k_00-Titelseite.jpg\" alt=\"\" width=\"362\" height=\"506\" srcset=\"https:\/\/www.shakin-all-over.de\/wp-content\/uploads\/2019\/08\/0k_00-Titelseite.jpg 400w, https:\/\/www.shakin-all-over.de\/wp-content\/uploads\/2019\/08\/0k_00-Titelseite-215x300.jpg 215w\" sizes=\"auto, (max-width: 362px) 100vw, 362px\" \/><figcaption id=\"caption-attachment-5722\" class=\"wp-caption-text\">Das Cover der ersten beiden Auflagen<\/figcaption><\/figure>\r\n<p><span style=\"font-family: helvetica, arial, sans-serif; color: #000000;\">Wiederver\u00f6ffentlichungen <sup class='footnote'><a href='#fn-31-1' id='fnref-31-1' onclick='return fdfootnote_show(31)'>1<\/a><\/sup> bei Bear Family Records lesen. Aber ich konnte noch eine wichtige Vervollst\u00e4ndigung vornehmen: eine zweite deutsche Band, die im ber\u00fchmtesten aller ber\u00fchmten Keller gespielt hat &#8211; im Cavern Club, Home of The Beatles. Ich sage nur: The Beat Cats. <br \/><\/span><\/p>\r\n<p>I<span style=\"font-family: helvetica, arial, sans-serif; color: #000000;\">ch bin Werner Fuchs sehr verbunden, dass dieses Buch realisiert werden konnte. Ich bin jetzt mal ganz unbescheiden und sage, es gibt kein <\/span><span style=\"font-family: helvetica, arial, sans-serif; color: #000000;\">besseres zu diesem Thema auf dem deutschen Markt. Werner Fuchs hat es m\u00f6glich gemacht. Daf\u00fcr danke ich ihm aufrichtig. Ohne ihn h\u00e4tte es <span style=\"font-family: comic sans ms, sans-serif; color: #ff0000; font-size: 18pt;\"><strong><em>Shakin&#8216; All Over<\/em><\/strong> <\/span>nicht gegeben. Ich kann mich noch erinnern, wie er mir sagte, es m\u00fcsse mal ein Buch \u00fcber die deutsche Musikszene der 60er Jahre geschrieben werden. Er sa\u00df bei mir im Auto, ich fuhr ihn nach einem Konzert nach Hause. Ich fragte ihn daraufhin, wer das denn schreiben solle, und er antwortete: &#8222;Na, Du!&#8220;<br \/><\/span><\/p>\r\n<p><span style=\"font-family: helvetica, arial, sans-serif; color: #000000;\">Es war immer eine erg\u00e4nzte 3. Auflage im Gespr\u00e4ch (bei einem Verlag stand ich sogar per Handschlag im Wort und h\u00e4tte zwei B\u00e4nde mit insgesamt 1.000 Seiten daraus machen k\u00f6nnen), aber im Zeitalter des Internets tauchten immer mehr Bands, die ich zu erg\u00e4nzen gedachte, im world wide web mit eigenen Webseiten auf, und es gab immer mehr B\u00fccher, die sich auf die regionalen Beatszenen kaprizierten (siehe auch \u201cRezensionen\u201c). Was sollte ich da nun noch anh\u00e4ngen? Die Bandhistorien sind allemal alle \u00e4hnlich \u2013 ein paar Kumpels kommen zusammen, dann gibt es erste Personalwechsel, dann hat man eine kleine Hoch-Zeit, doch pl\u00f6tzlich kommt die eine oder andere Hochzeit, die Bundeswehr oder das Studium dazwischen. Aus. Allein die zu erz\u00e4hlenden Anekdoten unterscheiden sich. (Die fehlen mir im \u00dcbrigen in fast allen Buchver\u00f6ffentlichungen zur deutschen Beatszene \u2013 da sind viele Buchhalter am Werk oder Philatelisten, aber keine Geschichtenerz\u00e4hler.) <br \/><\/span><\/p>\r\n<figure id=\"attachment_5721\" aria-describedby=\"caption-attachment-5721\" style=\"width: 366px\" class=\"wp-caption alignleft\"><img loading=\"lazy\" decoding=\"async\" class=\"wp-image-5721\" src=\"https:\/\/www.shakin-all-over.de\/wp-content\/uploads\/2019\/08\/0k_00-Shakin-r\u00fcck.jpg\" alt=\"\" width=\"366\" height=\"513\" srcset=\"https:\/\/www.shakin-all-over.de\/wp-content\/uploads\/2019\/08\/0k_00-Shakin-r\u00fcck.jpg 400w, https:\/\/www.shakin-all-over.de\/wp-content\/uploads\/2019\/08\/0k_00-Shakin-r\u00fcck-214x300.jpg 214w\" sizes=\"auto, (max-width: 366px) 100vw, 366px\" \/><figcaption id=\"caption-attachment-5721\" class=\"wp-caption-text\">Cover-R\u00fcckseite. Die Beatstiefel von Rudi Kr\u00fcger, The Phantom Brothers, so wie er sie 1968 ausgezogen hat. Sie sind heute im Pop Museum in Gronau zu sehen.<\/figcaption><\/figure>\r\n<p>&nbsp;<\/p>\r\n<p style=\"padding-left: 30px;\"><span style=\"font-family: helvetica, arial, sans-serif; color: #000000;\"><span style=\"font-family: comic sans ms, sans-serif; font-size: 18pt; color: #ff0000;\"><strong><em>Shakin&#8216; All Over<\/em><\/strong> <\/span>hat meiner Gesundheit geschadet. Abends nach der Arbeit bis 10 Uhr Telefonate mit Musikern, Managern, Beteiligten jedwelcher Couleur (damals gab es noch keine Flatrates f\u00fcr das Telefon, also den billigsten Anbieter raussuchen und bei einer bestimmten Uhrzeit sagen: \u201eIch rufe gleich noch einmal an\u201c, weil es nun einen besseren Anbieter gab). Dann alles in die Tasten hauen, bis nachts um 3, vollgepumpt mit Kaffee ins Bett und nicht schlafen k\u00f6nnen. Wenn ich Gl\u00fcck hatte, rief keiner um halb 2 nachts an, wie Achim \u201eMuff\u201c Mozek, um mir zu erkl\u00e4ren, dass er seine Gitarre nun einmal anders gestimmt habe und ich m\u00f6ge doch ein wenig zuh\u00f6ren, denn er wolle mir das mal vorspielen. Muff ist ein toller Typ \u2013 die Team Beats habe ich immer sehr gesch\u00e4tzt &#8211; aber das war anstrengend. Morgens vor 7 wieder aufstehen und zur Arbeit \u2013 und die hat nie gelitten, ich schw\u00f6re es \u2013 und nach einer Zeit bekomme ich vom Arzt die dunkelrote Karte. Seit Februar 2001 haben wir einen Hund, na gut, seit 2011 den zweiten. Der bringt Struktur in unser Leben, besonders meins.<\/span><\/p>\r\n<p>Wer das Buch damals gekauft hat, dem danke ich. Wer es als 1. oder 2. Auflage kaufen will, muss tief in die Tasche greifen, bei <em>ZVAB<\/em> oder <em>booklooker<\/em> wird es gelegentlich angeboten, aber immer wird ein dreistelliger Betrag aufgerufen. Nun sehe ich allerdings einen Silberstreif am Horizont. Werner Fuchs und sein Bruder Joachim, die FanPro-Aktivisten, wollen nun eine 3. Auflage herausbringen. Mann, ob das was wird? Aber ge\u00e4ndert wird nichts, denn das Buch spiegelt die Beat\u00e4ra in Deutschland gut wieder. Wenn nun eine Band fehlt, so what? Allein ein Kapitel \u00fcber Groupies h\u00e4tte ich gerne noch angeh\u00e4ngt, aber die mir bekannten Ansprechpartnerinnen gibt es nicht mehr. Ich h\u00e4tte sie vor zehn Jahren interviewen sollen.<\/p>\r\n<p style=\"padding-left: 80px;\">Im Anschluss findet Ihr ein paar Leseproben als pdf-Dateien.<\/p>\r\n<p>&nbsp;<\/p>\r\n<p style=\"padding-left: 80px;\"><span style=\"font-family: helvetica, arial, sans-serif; color: #000000;\">Ach ja! Ich fand eine dritte deutsche Band, die im \u201eCellar of Cellars\u201c gespielt hat. Sucht mal auf dieser Webseite \u2013 ihr werdet sie finden.<\/span><\/p>\r\n<p style=\"padding-left: 40px;\"><a href=\"https:\/\/www.shakin-all-over.de\/wp-content\/uploads\/2019\/03\/S4-shak00-25.pdf\">&gt;&gt; Leseprobe 1<\/a><\/p>\r\n<p style=\"padding-left: 40px;\"><a href=\"https:\/\/www.shakin-all-over.de\/wp-content\/uploads\/2019\/03\/S4-shak26-30c_1-min.pdf\">&gt;&gt; Leseprobe 2<\/a><\/p>\r\n<p style=\"padding-left: 40px;\"><a href=\"https:\/\/www.shakin-all-over.de\/wp-content\/uploads\/2019\/03\/S4-shak26-30c_2-min.pdf\">&gt;&gt; Leseprobe 3<\/a><\/p>\r\n<p>&nbsp;<\/p>\r\n<p>&nbsp;<\/p>\r\n<p>Keep rockin&#8216;!<\/p>\r\n<figure id=\"attachment_5103\" aria-describedby=\"caption-attachment-5103\" style=\"width: 582px\" class=\"wp-caption aligncenter\"><img loading=\"lazy\" decoding=\"async\" class=\" wp-image-5103\" src=\"https:\/\/www.shakin-all-over.de\/wp-content\/uploads\/2019\/04\/5-auf-der-Buchmesse-2000-die-kompletten-Pages--e1556400080817.jpg\" alt=\"\" width=\"582\" height=\"440\" \/><figcaption id=\"caption-attachment-5103\" class=\"wp-caption-text\">&#8230;auf der Buchmesse 2000, die kompletten Pages,Robbie Krieger, Helga Gwiasta, Peter Reese, Falk Schuppank, sowie Klaus Braselmann, ex-Aeronauts, ex-Kentuckys, und ich sitzend, man sieht es mir an, ich pfeife auf dem letzten Loch.<\/figcaption><\/figure>\r\n\r\n\r\n\n\n<div class='footnotes' id='footnotes-31'><div class='footnotedivider'><\/div><ol><li id='fn-31-1'>\u00a0 &#8222;In Black and White, in Beat and Sweet&#8220; und &#8222;Some Folks by The Lords&#8220;  <span class='footnotereverse'><a href='#fnref-31-1'>&#8617;<\/a><\/span><\/li><\/ol><\/div>","protected":false},"excerpt":{"rendered":"<p>SHAKIN&#8216; ALL OVER gibt es nun bei FanPro in der 4. Auflage. Mit dem Cover der dritten Auflage &#8211; aber gleichem Inhalt wie die 2. Auflage. Wieder im Gro\u00dfformat, wieder<a href=\"https:\/\/www.shakin-all-over.de\/?page_id=31\" class=\"more-link\"><span class=\"readmore\">Continue reading<span class=\"screen-reader-text\">Shakin&#8216; All Over<\/span><\/span><\/a><\/p>\n","protected":false},"author":1,"featured_media":0,"parent":28,"menu_order":0,"comment_status":"closed","ping_status":"closed","template":"","meta":{"footnotes":""},"class_list":["post-31","page","type-page","status-publish","hentry"],"_links":{"self":[{"href":"https:\/\/www.shakin-all-over.de\/index.php?rest_route=\/wp\/v2\/pages\/31","targetHints":{"allow":["GET"]}}],"collection":[{"href":"https:\/\/www.shakin-all-over.de\/index.php?rest_route=\/wp\/v2\/pages"}],"about":[{"href":"https:\/\/www.shakin-all-over.de\/index.php?rest_route=\/wp\/v2\/types\/page"}],"author":[{"embeddable":true,"href":"https:\/\/www.shakin-all-over.de\/index.php?rest_route=\/wp\/v2\/users\/1"}],"replies":[{"embeddable":true,"href":"https:\/\/www.shakin-all-over.de\/index.php?rest_route=%2Fwp%2Fv2%2Fcomments&post=31"}],"version-history":[{"count":0,"href":"https:\/\/www.shakin-all-over.de\/index.php?rest_route=\/wp\/v2\/pages\/31\/revisions"}],"up":[{"embeddable":true,"href":"https:\/\/www.shakin-all-over.de\/index.php?rest_route=\/wp\/v2\/pages\/28"}],"wp:attachment":[{"href":"https:\/\/www.shakin-all-over.de\/index.php?rest_route=%2Fwp%2Fv2%2Fmedia&parent=31"}],"curies":[{"name":"wp","href":"https:\/\/api.w.org\/{rel}","templated":true}]}}